{"id":771,"date":"2019-10-03T10:56:37","date_gmt":"2019-10-03T08:56:37","guid":{"rendered":"http:\/\/www.maures-developpement.fr\/?page_id=771"},"modified":"2019-10-09T09:52:43","modified_gmt":"2019-10-09T07:52:43","slug":"presentation","status":"publish","type":"page","link":"http:\/\/www.maures-developpement.fr\/index.php\/presentation\/","title":{"rendered":"Qui sommes-nous ?"},"content":{"rendered":"\t\t<div data-elementor-type=\"wp-post\" data-elementor-id=\"771\" class=\"elementor elementor-771\" data-elementor-settings=\"[]\">\n\t\t\t\t\t\t<div class=\"elementor-inner\">\n\t\t\t\t\t\t\t<div class=\"elementor-section-wrap\">\n\t\t\t\t\t\t\t<section class=\"elementor-section elementor-top-section elementor-element elementor-element-97fcfdd elementor-section-boxed elementor-section-height-default elementor-section-height-default\" data-id=\"97fcfdd\" data-element_type=\"section\">\n\t\t\t\t\t\t<div class=\"elementor-container elementor-column-gap-default\">\n\t\t\t\t\t\t\t<div class=\"elementor-row\">\n\t\t\t\t\t<div class=\"elementor-column elementor-col-100 elementor-top-column elementor-element elementor-element-8131057\" data-id=\"8131057\" data-element_type=\"column\">\n\t\t\t<div class=\"elementor-column-wrap elementor-element-populated\">\n\t\t\t\t\t\t\t<div class=\"elementor-widget-wrap\">\n\t\t\t\t\t\t<div class=\"elementor-element elementor-element-fea2806 elementor-widget elementor-widget-text-editor\" data-id=\"fea2806\" data-element_type=\"widget\" data-widget_type=\"text-editor.default\">\n\t\t\t\t<div class=\"elementor-widget-container\">\n\t\t\t\t\t<div class=\"elementor-text-editor elementor-clearfix\"><ul><li><strong>Maures D\u00e9veloppement Durable (M.D.D)<\/strong> est une association, selon la loi de 1901, de nature et de composition citoyenne, elle est d\u00e9clar\u00e9e fiscalement d&rsquo;int\u00e9r\u00eat g\u00e9n\u00e9ral.<\/li><li>Ayant pour objet de concevoir <strong>un projet de d\u00e9veloppement durable<\/strong> pour ce territoire, <strong>MDD<\/strong> a fait le choix d&rsquo;instruire un dossier de candidature au l<strong>abel UNESCO-GEOPARC<\/strong>.<\/li><li>Dans ce but, l&rsquo;association organise des campagnes de communication et de sensibilisation sur le terrain, accompagn\u00e9es d&rsquo;\u00e9changes avec des experts scientifiques, ainsi qu&rsquo;avec le monde de l&rsquo;\u00e9ducation et de l&rsquo;enseignement sup\u00e9rieur.<br \/>Ces d\u00e9marches sont r\u00e9alis\u00e9es au travers de conventions avec le CNRS, l&rsquo;Universit\u00e9 de Nice\/Sophia Antipolis et Toulon la Garde, ainsi qu&rsquo;avec l&rsquo;\u00e9cole des Hautes \u00e9tudes en sciences sociales (EHESS) \u00e0 Marseille.<\/li><\/ul><\/div>\n\t\t\t\t<\/div>\n\t\t\t\t<\/div>\n\t\t\t\t\t\t<\/div>\n\t\t\t\t\t<\/div>\n\t\t<\/div>\n\t\t\t\t\t\t\t\t<\/div>\n\t\t\t\t\t<\/div>\n\t\t<\/section>\n\t\t\t\t\t\t<\/div>\n\t\t\t\t\t\t<\/div>\n\t\t\t\t\t<\/div>\n\t\t","protected":false},"excerpt":{"rendered":"<p>&#46;&#46;&#46;<\/p>\n","protected":false},"author":1,"featured_media":0,"parent":0,"menu_order":0,"comment_status":"closed","ping_status":"closed","template":"","meta":[],"_links":{"self":[{"href":"http:\/\/www.maures-developpement.fr\/index.php\/wp-json\/wp\/v2\/pages\/771"}],"collection":[{"href":"http:\/\/www.maures-developpement.fr\/index.php\/wp-json\/wp\/v2\/pages"}],"about":[{"href":"http:\/\/www.maures-developpement.fr\/index.php\/wp-json\/wp\/v2\/types\/page"}],"author":[{"embeddable":true,"href":"http:\/\/www.maures-developpement.fr\/index.php\/wp-json\/wp\/v2\/users\/1"}],"replies":[{"embeddable":true,"href":"http:\/\/www.maures-developpement.fr\/index.php\/wp-json\/wp\/v2\/comments?post=771"}],"version-history":[{"count":3,"href":"http:\/\/www.maures-developpement.fr\/index.php\/wp-json\/wp\/v2\/pages\/771\/revisions"}],"predecessor-version":[{"id":780,"href":"http:\/\/www.maures-developpement.fr\/index.php\/wp-json\/wp\/v2\/pages\/771\/revisions\/780"}],"wp:attachment":[{"href":"http:\/\/www.maures-developpement.fr\/index.php\/wp-json\/wp\/v2\/media?parent=771"}],"curies":[{"name":"wp","href":"https:\/\/api.w.org\/{rel}","templated":true}]}}