{"id":246,"date":"2019-01-14T11:04:53","date_gmt":"2019-01-14T10:04:53","guid":{"rendered":"http:\/\/www.maures-developpement.fr\/?page_id=246"},"modified":"2019-06-04T13:14:00","modified_gmt":"2019-06-04T11:14:00","slug":"les-unesco-geoparcs","status":"publish","type":"page","link":"http:\/\/www.maures-developpement.fr\/index.php\/les-unesco-geoparcs\/","title":{"rendered":"Les \u00ab\u00a0UNESCO-G\u00e9oparcs\u00a0\u00bb"},"content":{"rendered":"\t\t<div data-elementor-type=\"wp-post\" data-elementor-id=\"246\" class=\"elementor elementor-246 elementor-bc-flex-widget\" data-elementor-settings=\"[]\">\n\t\t\t\t\t\t<div class=\"elementor-inner\">\n\t\t\t\t\t\t\t<div class=\"elementor-section-wrap\">\n\t\t\t\t\t\t\t<section class=\"elementor-section elementor-top-section elementor-element elementor-element-f1d3f7c elementor-section-boxed elementor-section-height-default elementor-section-height-default\" data-id=\"f1d3f7c\" data-element_type=\"section\">\n\t\t\t\t\t\t<div class=\"elementor-container elementor-column-gap-default\">\n\t\t\t\t\t\t\t<div class=\"elementor-row\">\n\t\t\t\t\t<div class=\"elementor-column elementor-col-100 elementor-top-column elementor-element elementor-element-e48873d\" data-id=\"e48873d\" data-element_type=\"column\">\n\t\t\t<div class=\"elementor-column-wrap elementor-element-populated\">\n\t\t\t\t\t\t\t<div class=\"elementor-widget-wrap\">\n\t\t\t\t\t\t<div class=\"elementor-element elementor-element-e24c52e elementor-widget elementor-widget-image\" data-id=\"e24c52e\" data-element_type=\"widget\" data-widget_type=\"image.default\">\n\t\t\t\t<div class=\"elementor-widget-container\">\n\t\t\t\t\t<div class=\"elementor-image\">\n\t\t\t\t\t\t\t\t\t\t<img width=\"899\" height=\"666\" src=\"http:\/\/www.maures-developpement.fr\/wp-content\/uploads\/2019\/03\/monde.jpg\" class=\"attachment-large size-large\" alt=\"\" loading=\"lazy\" srcset=\"http:\/\/www.maures-developpement.fr\/wp-content\/uploads\/2019\/03\/monde.jpg 899w, http:\/\/www.maures-developpement.fr\/wp-content\/uploads\/2019\/03\/monde-600x444.jpg 600w, http:\/\/www.maures-developpement.fr\/wp-content\/uploads\/2019\/03\/monde-300x222.jpg 300w, http:\/\/www.maures-developpement.fr\/wp-content\/uploads\/2019\/03\/monde-768x569.jpg 768w\" sizes=\"(max-width: 899px) 100vw, 899px\" \/>\t\t\t\t\t\t\t\t\t\t\t<\/div>\n\t\t\t\t<\/div>\n\t\t\t\t<\/div>\n\t\t\t\t\t\t<\/div>\n\t\t\t\t\t<\/div>\n\t\t<\/div>\n\t\t\t\t\t\t\t\t<\/div>\n\t\t\t\t\t<\/div>\n\t\t<\/section>\n\t\t\t\t<section class=\"elementor-section elementor-top-section elementor-element elementor-element-0ff57e1 elementor-section-boxed elementor-section-height-default elementor-section-height-default\" data-id=\"0ff57e1\" data-element_type=\"section\">\n\t\t\t\t\t\t<div class=\"elementor-container elementor-column-gap-default\">\n\t\t\t\t\t\t\t<div class=\"elementor-row\">\n\t\t\t\t\t<div class=\"elementor-column elementor-col-100 elementor-top-column elementor-element elementor-element-8b95809\" data-id=\"8b95809\" data-element_type=\"column\">\n\t\t\t<div class=\"elementor-column-wrap elementor-element-populated\">\n\t\t\t\t\t\t\t<div class=\"elementor-widget-wrap\">\n\t\t\t\t\t\t<div class=\"elementor-element elementor-element-dba33a9 elementor-widget elementor-widget-text-editor\" data-id=\"dba33a9\" data-element_type=\"widget\" data-widget_type=\"text-editor.default\">\n\t\t\t\t<div class=\"elementor-widget-container\">\n\t\t\t\t\t<div class=\"elementor-text-editor elementor-clearfix\"><p><strong>Des 3 classements de l&rsquo;UNESCO :<\/strong><br \/>\u00ab <em>Patrimoine mondial R\u00e9serve de biosph\u00e8re et <strong>UNESCO-G\u00e9oparc<\/strong><\/em> \u00bb,<br \/>seul celui-ci fait l&rsquo;objet d&rsquo;une mise en r\u00e9seau mondial interactif (GGN)<br \/>ouvrant \u00e0 des \u00e9changes scientifiques, \u00e9ducatifs et \u00e9conomiques.<\/p><\/div>\n\t\t\t\t<\/div>\n\t\t\t\t<\/div>\n\t\t\t\t\t\t<\/div>\n\t\t\t\t\t<\/div>\n\t\t<\/div>\n\t\t\t\t\t\t\t\t<\/div>\n\t\t\t\t\t<\/div>\n\t\t<\/section>\n\t\t\t\t<section class=\"elementor-section elementor-top-section elementor-element elementor-element-d3e51e1 elementor-section-boxed elementor-section-height-default elementor-section-height-default\" data-id=\"d3e51e1\" data-element_type=\"section\">\n\t\t\t\t\t\t<div class=\"elementor-container elementor-column-gap-default\">\n\t\t\t\t\t\t\t<div class=\"elementor-row\">\n\t\t\t\t\t<div class=\"elementor-column elementor-col-100 elementor-top-column elementor-element elementor-element-52b8196\" data-id=\"52b8196\" data-element_type=\"column\">\n\t\t\t<div class=\"elementor-column-wrap elementor-element-populated\">\n\t\t\t\t\t\t\t<div class=\"elementor-widget-wrap\">\n\t\t\t\t\t\t<div class=\"elementor-element elementor-element-b07eee6 elementor-widget elementor-widget-html\" data-id=\"b07eee6\" data-element_type=\"widget\" data-widget_type=\"html.default\">\n\t\t\t\t<div class=\"elementor-widget-container\">\n\t\t\t<hr\/>\t\t<\/div>\n\t\t\t\t<\/div>\n\t\t\t\t\t\t<\/div>\n\t\t\t\t\t<\/div>\n\t\t<\/div>\n\t\t\t\t\t\t\t\t<\/div>\n\t\t\t\t\t<\/div>\n\t\t<\/section>\n\t\t\t\t<section class=\"elementor-section elementor-top-section elementor-element elementor-element-3041a10 elementor-section-boxed elementor-section-height-default elementor-section-height-default\" data-id=\"3041a10\" data-element_type=\"section\">\n\t\t\t\t\t\t<div class=\"elementor-container elementor-column-gap-default\">\n\t\t\t\t\t\t\t<div class=\"elementor-row\">\n\t\t\t\t\t<div class=\"elementor-column elementor-col-100 elementor-top-column elementor-element elementor-element-ad7b46f\" data-id=\"ad7b46f\" data-element_type=\"column\">\n\t\t\t<div class=\"elementor-column-wrap elementor-element-populated\">\n\t\t\t\t\t\t\t<div class=\"elementor-widget-wrap\">\n\t\t\t\t\t\t<div class=\"elementor-element elementor-element-e7341c8 elementor-widget elementor-widget-text-editor\" data-id=\"e7341c8\" data-element_type=\"widget\" data-widget_type=\"text-editor.default\">\n\t\t\t\t<div class=\"elementor-widget-container\">\n\t\t\t\t\t<div class=\"elementor-text-editor elementor-clearfix\"><p style=\"text-align: center;\"><strong>L&rsquo;acc\u00e9s \u00e0 ce r\u00e9seau mondial nous permettrait des contacts,<\/strong><br \/><strong>des \u00e9changes, des partenariats scientifiques, \u00e9ducatifs<\/strong><br \/><strong>et \u00e9conomiques internationaux<\/strong><\/p><\/div>\n\t\t\t\t<\/div>\n\t\t\t\t<\/div>\n\t\t\t\t\t\t<\/div>\n\t\t\t\t\t<\/div>\n\t\t<\/div>\n\t\t\t\t\t\t\t\t<\/div>\n\t\t\t\t\t<\/div>\n\t\t<\/section>\n\t\t\t\t<section class=\"elementor-section elementor-top-section elementor-element elementor-element-8f8fe78 elementor-section-boxed elementor-section-height-default elementor-section-height-default\" data-id=\"8f8fe78\" data-element_type=\"section\">\n\t\t\t\t\t\t<div class=\"elementor-container elementor-column-gap-default\">\n\t\t\t\t\t\t\t<div class=\"elementor-row\">\n\t\t\t\t\t<div class=\"elementor-column elementor-col-100 elementor-top-column elementor-element elementor-element-3dd3265\" data-id=\"3dd3265\" data-element_type=\"column\">\n\t\t\t<div class=\"elementor-column-wrap elementor-element-populated\">\n\t\t\t\t\t\t\t<div class=\"elementor-widget-wrap\">\n\t\t\t\t\t\t<div class=\"elementor-element elementor-element-28d8554 elementor-widget elementor-widget-image\" data-id=\"28d8554\" data-element_type=\"widget\" data-widget_type=\"image.default\">\n\t\t\t\t<div class=\"elementor-widget-container\">\n\t\t\t\t\t<div class=\"elementor-image\">\n\t\t\t\t\t\t\t\t\t\t<img width=\"888\" height=\"700\" src=\"http:\/\/www.maures-developpement.fr\/wp-content\/uploads\/2019\/03\/R\u00e9seau-eurom\u00e9diterran\u00e9en.jpg\" class=\"attachment-large size-large\" alt=\"\" loading=\"lazy\" srcset=\"http:\/\/www.maures-developpement.fr\/wp-content\/uploads\/2019\/03\/R\u00e9seau-eurom\u00e9diterran\u00e9en.jpg 888w, http:\/\/www.maures-developpement.fr\/wp-content\/uploads\/2019\/03\/R\u00e9seau-eurom\u00e9diterran\u00e9en-600x473.jpg 600w, http:\/\/www.maures-developpement.fr\/wp-content\/uploads\/2019\/03\/R\u00e9seau-eurom\u00e9diterran\u00e9en-300x236.jpg 300w, http:\/\/www.maures-developpement.fr\/wp-content\/uploads\/2019\/03\/R\u00e9seau-eurom\u00e9diterran\u00e9en-768x605.jpg 768w\" sizes=\"(max-width: 888px) 100vw, 888px\" \/>\t\t\t\t\t\t\t\t\t\t\t<\/div>\n\t\t\t\t<\/div>\n\t\t\t\t<\/div>\n\t\t\t\t\t\t<\/div>\n\t\t\t\t\t<\/div>\n\t\t<\/div>\n\t\t\t\t\t\t\t\t<\/div>\n\t\t\t\t\t<\/div>\n\t\t<\/section>\n\t\t\t\t\t\t<\/div>\n\t\t\t\t\t\t<\/div>\n\t\t\t\t\t<\/div>\n\t\t","protected":false},"excerpt":{"rendered":"<p>&#46;&#46;&#46;<\/p>\n","protected":false},"author":1,"featured_media":0,"parent":0,"menu_order":0,"comment_status":"closed","ping_status":"closed","template":"","meta":[],"_links":{"self":[{"href":"http:\/\/www.maures-developpement.fr\/index.php\/wp-json\/wp\/v2\/pages\/246"}],"collection":[{"href":"http:\/\/www.maures-developpement.fr\/index.php\/wp-json\/wp\/v2\/pages"}],"about":[{"href":"http:\/\/www.maures-developpement.fr\/index.php\/wp-json\/wp\/v2\/types\/page"}],"author":[{"embeddable":true,"href":"http:\/\/www.maures-developpement.fr\/index.php\/wp-json\/wp\/v2\/users\/1"}],"replies":[{"embeddable":true,"href":"http:\/\/www.maures-developpement.fr\/index.php\/wp-json\/wp\/v2\/comments?post=246"}],"version-history":[{"count":6,"href":"http:\/\/www.maures-developpement.fr\/index.php\/wp-json\/wp\/v2\/pages\/246\/revisions"}],"predecessor-version":[{"id":435,"href":"http:\/\/www.maures-developpement.fr\/index.php\/wp-json\/wp\/v2\/pages\/246\/revisions\/435"}],"wp:attachment":[{"href":"http:\/\/www.maures-developpement.fr\/index.php\/wp-json\/wp\/v2\/media?parent=246"}],"curies":[{"name":"wp","href":"https:\/\/api.w.org\/{rel}","templated":true}]}}