{"id":131,"date":"2018-12-08T23:07:48","date_gmt":"2018-12-08T22:07:48","guid":{"rendered":"http:\/\/127.0.0.1\/my%20portable%20files\/Maures_developpement\/?page_id=131"},"modified":"2022-12-03T16:57:48","modified_gmt":"2022-12-03T15:57:48","slug":"territoire","status":"publish","type":"page","link":"http:\/\/www.maures-developpement.fr\/index.php\/territoire\/","title":{"rendered":"Territoire"},"content":{"rendered":"\t\t<div data-elementor-type=\"wp-post\" data-elementor-id=\"131\" class=\"elementor elementor-131\" data-elementor-settings=\"[]\">\n\t\t\t\t\t\t<div class=\"elementor-inner\">\n\t\t\t\t\t\t\t<div class=\"elementor-section-wrap\">\n\t\t\t\t\t\t\t<section class=\"elementor-section elementor-top-section elementor-element elementor-element-3c74815 elementor-section-boxed elementor-section-height-default elementor-section-height-default\" data-id=\"3c74815\" data-element_type=\"section\">\n\t\t\t\t\t\t<div class=\"elementor-container elementor-column-gap-default\">\n\t\t\t\t\t\t\t<div class=\"elementor-row\">\n\t\t\t\t\t<div class=\"elementor-column elementor-col-100 elementor-top-column elementor-element elementor-element-0237c42\" data-id=\"0237c42\" data-element_type=\"column\">\n\t\t\t<div class=\"elementor-column-wrap elementor-element-populated\">\n\t\t\t\t\t\t\t<div class=\"elementor-widget-wrap\">\n\t\t\t\t\t\t<div class=\"elementor-element elementor-element-db0fab4 elementor-widget elementor-widget-text-editor\" data-id=\"db0fab4\" data-element_type=\"widget\" data-widget_type=\"text-editor.default\">\n\t\t\t\t<div class=\"elementor-widget-container\">\n\t\t\t\t\t<div class=\"elementor-text-editor elementor-clearfix\"><h5>Selon de nombreux experts scientifiques internationaux et de l&rsquo;UNESCO :<\/h5><p>\u00ab &#8230;<em>Un territoire d&rsquo;int\u00e9r\u00eat universel au plan g\u00e9ologique&#8230;<\/em><br \/>&#8230;<em>Un observatoire privil\u00e9gi\u00e9 des \u00e9tapes de l&rsquo;histoire de la Terre depuis 400 millions d&rsquo;ann\u00e9es.<\/em><br \/>&#8230;<em>Des patrimoines naturels, mat\u00e9riels et culturels remarquables&#8230;<\/em><\/p><p>&#8230;<em>Autant d&rsquo;atouts lui permettant de solliciter <\/em><em>son classement UNESCO-GEOPARC.<\/em>\u00a0 \u00bb<\/p><\/div>\n\t\t\t\t<\/div>\n\t\t\t\t<\/div>\n\t\t\t\t\t\t<\/div>\n\t\t\t\t\t<\/div>\n\t\t<\/div>\n\t\t\t\t\t\t\t\t<\/div>\n\t\t\t\t\t<\/div>\n\t\t<\/section>\n\t\t\t\t<section class=\"elementor-section elementor-top-section elementor-element elementor-element-9f803f2 elementor-section-boxed elementor-section-height-default elementor-section-height-default\" data-id=\"9f803f2\" data-element_type=\"section\">\n\t\t\t\t\t\t<div class=\"elementor-container elementor-column-gap-default\">\n\t\t\t\t\t\t\t<div class=\"elementor-row\">\n\t\t\t\t\t<div class=\"elementor-column elementor-col-100 elementor-top-column elementor-element elementor-element-4951323\" data-id=\"4951323\" data-element_type=\"column\">\n\t\t\t<div class=\"elementor-column-wrap elementor-element-populated\">\n\t\t\t\t\t\t\t<div class=\"elementor-widget-wrap\">\n\t\t\t\t\t\t<div class=\"elementor-element elementor-element-7eeb5e2 elementor-widget elementor-widget-text-editor\" data-id=\"7eeb5e2\" data-element_type=\"widget\" data-widget_type=\"text-editor.default\">\n\t\t\t\t<div class=\"elementor-widget-container\">\n\t\t\t\t\t<div class=\"elementor-text-editor elementor-clearfix\"><ul><li><strong>Une entit\u00e9 g\u00e9ographique \u00e9vidente :<\/strong><br \/>Le 1\/3 de la superficie du Var, int\u00e9grant :<ul><li>les aires marines et leurs \u00eeles d&rsquo;or,<\/li><li>le littoral,<\/li><li>le massif forestier,<\/li><li>les plaines qui, du bassin agricole d&rsquo;Hy\u00e8res \u00e0 la basse vall\u00e9e de l&rsquo;Argens, les bordent et les p\u00e9n\u00e8trent.<\/li><\/ul><\/li><\/ul><p>\u00a0<\/p><ul><li><strong>Une entit\u00e9 g\u00e9ologique singuli\u00e8re :<\/strong><ul><li>Un bloc cristallin ench\u00e2ss\u00e9 dans la Provence calcaire.<\/li><li>Une histoire et une nature lui conf\u00e9rant un grand attrait pour les experts internationaux des Sciences de la Terre et de l&rsquo;Homme dans son environnement m\u00e9diterran\u00e9en.<\/li><\/ul><\/li><\/ul><\/div>\n\t\t\t\t<\/div>\n\t\t\t\t<\/div>\n\t\t\t\t\t\t<\/div>\n\t\t\t\t\t<\/div>\n\t\t<\/div>\n\t\t\t\t\t\t\t\t<\/div>\n\t\t\t\t\t<\/div>\n\t\t<\/section>\n\t\t\t\t<section class=\"elementor-section elementor-top-section elementor-element elementor-element-a4452c8 elementor-section-boxed elementor-section-height-default elementor-section-height-default\" data-id=\"a4452c8\" data-element_type=\"section\">\n\t\t\t\t\t\t<div class=\"elementor-container elementor-column-gap-default\">\n\t\t\t\t\t\t\t<div class=\"elementor-row\">\n\t\t\t\t\t<div class=\"elementor-column elementor-col-100 elementor-top-column elementor-element elementor-element-767cc70\" data-id=\"767cc70\" data-element_type=\"column\">\n\t\t\t<div class=\"elementor-column-wrap elementor-element-populated\">\n\t\t\t\t\t\t\t<div class=\"elementor-widget-wrap\">\n\t\t\t\t\t\t<div class=\"elementor-element elementor-element-34da158 elementor-button-info elementor-align-justify elementor-invisible elementor-widget elementor-widget-button\" data-id=\"34da158\" data-element_type=\"widget\" data-settings=\"{&quot;_animation&quot;:&quot;fadeInDown&quot;}\" data-widget_type=\"button.default\">\n\t\t\t\t<div class=\"elementor-widget-container\">\n\t\t\t\t\t<div class=\"elementor-button-wrapper\">\n\t\t\t<a href=\"http:\/\/www.maures-developpement.fr\/wp-content\/uploads\/2022\/12\/Brochure-Rapport-COSC-06_22-2.pdf\" target=\"_blank\" class=\"elementor-button-link elementor-button elementor-size-xl\" role=\"button\">\n\t\t\t\t\t\t<span class=\"elementor-button-content-wrapper\">\n\t\t\t\t\t\t<span class=\"elementor-button-text\">Cliquez pour acc\u00e9der au rapport<br>\u00ab Donn\u00e9es scientifiques fondant la candidature du territoire Maures-Est\u00e9rel au label UNESCO-GEOPARK \u00bb<\/span>\n\t\t<\/span>\n\t\t\t\t\t<\/a>\n\t\t<\/div>\n\t\t\t\t<\/div>\n\t\t\t\t<\/div>\n\t\t\t\t\t\t<\/div>\n\t\t\t\t\t<\/div>\n\t\t<\/div>\n\t\t\t\t\t\t\t\t<\/div>\n\t\t\t\t\t<\/div>\n\t\t<\/section>\n\t\t\t\t\t\t<\/div>\n\t\t\t\t\t\t<\/div>\n\t\t\t\t\t<\/div>\n\t\t","protected":false},"excerpt":{"rendered":"<p>&#46;&#46;&#46;<\/p>\n","protected":false},"author":1,"featured_media":0,"parent":0,"menu_order":0,"comment_status":"closed","ping_status":"closed","template":"","meta":[],"_links":{"self":[{"href":"http:\/\/www.maures-developpement.fr\/index.php\/wp-json\/wp\/v2\/pages\/131"}],"collection":[{"href":"http:\/\/www.maures-developpement.fr\/index.php\/wp-json\/wp\/v2\/pages"}],"about":[{"href":"http:\/\/www.maures-developpement.fr\/index.php\/wp-json\/wp\/v2\/types\/page"}],"author":[{"embeddable":true,"href":"http:\/\/www.maures-developpement.fr\/index.php\/wp-json\/wp\/v2\/users\/1"}],"replies":[{"embeddable":true,"href":"http:\/\/www.maures-developpement.fr\/index.php\/wp-json\/wp\/v2\/comments?post=131"}],"version-history":[{"count":42,"href":"http:\/\/www.maures-developpement.fr\/index.php\/wp-json\/wp\/v2\/pages\/131\/revisions"}],"predecessor-version":[{"id":2625,"href":"http:\/\/www.maures-developpement.fr\/index.php\/wp-json\/wp\/v2\/pages\/131\/revisions\/2625"}],"wp:attachment":[{"href":"http:\/\/www.maures-developpement.fr\/index.php\/wp-json\/wp\/v2\/media?parent=131"}],"curies":[{"name":"wp","href":"https:\/\/api.w.org\/{rel}","templated":true}]}}